{"id":120,"date":"2016-08-21T23:22:12","date_gmt":"2016-08-22T04:22:12","guid":{"rendered":"http:\/\/www.teczamora.mx\/sgc\/?page_id=120"},"modified":"2024-09-24T13:37:47","modified_gmt":"2024-09-24T18:37:47","slug":"academico-gestion-curso","status":"publish","type":"page","link":"https:\/\/www.teczamora.mx\/sgi\/academico-gestion-curso\/","title":{"rendered":"Procedimiento para la Gesti\u00f3n del Curso"},"content":{"rendered":"<table style=\"border:0;\">\n<tbody>\n<tr>\n<td style=\"border:0;\">\n<div class='dropshadowboxes-container ' style='width:200px;'>\r\n                            <div class='dropshadowboxes-drop-shadow dropshadowboxes-rounded-corners dropshadowboxes-inside-and-outside-shadow dropshadowboxes-lifted-bottom-left dropshadowboxes-effect-default' style=' border: 1px solid #dddddd; height:180px; background-color:#ffffff;    '>\r\n                            <center><a href=\"http:\/\/www.teczamora.mx\/sgi\/documentos\/sgi\/academico\/gestion_curso\/Gestion del Curso_Julio2017.pdf\" target=\"_blank\"><img decoding=\"async\" src=\"http:\/\/www.teczamora.mx\/sgi\/wp-content\/uploads\/2016\/08\/pdf.png\"><br \/>\nProcedimiento para la Gesti\u00f3n del Curso<\/a><\/center>\r\n                            <\/div>\r\n                        <\/div><\/td>\n<td style=\"border:0;\">\n<div class='dropshadowboxes-container ' style='width:200px;'>\r\n                            <div class='dropshadowboxes-drop-shadow dropshadowboxes-rounded-corners dropshadowboxes-inside-and-outside-shadow dropshadowboxes-lifted-bottom-left dropshadowboxes-effect-default' style=' border: 1px solid #dddddd; height:180px; background-color:#ffffff;    '>\r\n                            <center><a href=\"http:\/\/www.teczamora.mx\/sgi\/documentos\/sgi\/academico\/gestion_curso\/Instrumentacion Didactica Julio.2017.docx\" target=\"_blank\"><img decoding=\"async\" src=\"http:\/\/www.teczamora.mx\/sgi\/wp-content\/uploads\/2016\/08\/doc.png\"><br \/>\nFormato para la Planeaci\u00f3n e Instrumentaci\u00f3n Did\u00e1ctica del Curso<\/a><\/center>\r\n                            <\/div>\r\n                        <\/div><\/td>\n<td style=\"border:0;\">\n<div class='dropshadowboxes-container ' style='width:200px;'>\r\n                            <div class='dropshadowboxes-drop-shadow dropshadowboxes-rounded-corners dropshadowboxes-inside-and-outside-shadow dropshadowboxes-lifted-bottom-left dropshadowboxes-effect-default' style=' border: 1px solid #dddddd; height:180px; background-color:#ffffff;    '>\r\n                            <center><a href=\"http:\/\/www.teczamora.mx\/sgi\/documentos\/sgi\/academico\/gestion_curso\/Reporte parcial y final Julio.2017.docx\" target=\"_blank\"><img decoding=\"async\" src=\"http:\/\/www.teczamora.mx\/sgi\/wp-content\/uploads\/2016\/08\/doc.png\"><br \/>\nFormato para el Reporte Parcial y Final de Semestre<\/a><\/center>\r\n                            <\/div>\r\n                        <\/div><\/td>\n<td style=\"border:0;\">\n<div class='dropshadowboxes-container ' style='width:200px;'>\r\n                            <div class='dropshadowboxes-drop-shadow dropshadowboxes-rounded-corners dropshadowboxes-inside-and-outside-shadow dropshadowboxes-lifted-bottom-left dropshadowboxes-effect-default' style=' border: 1px solid #dddddd; height:220px; background-color:#ffffff;    '>\r\n                            <center><a href=\"http:\/\/www.teczamora.mx\/sgi\/documentos\/sgi\/academico\/gestion_curso\/Proy Individual Julio.2017.docx\"><img decoding=\"async\" src=\"http:\/\/www.teczamora.mx\/sgi\/wp-content\/uploads\/2016\/08\/doc.png\"><br \/>\nFormato para el Reporte de Proyectos Individuales del Docente\/Programa de Trabajo Acad\u00e9mico en horas de apoyo a la Docencia<\/a><\/center>\r\n                            <\/div>\r\n                        <\/div><\/td>\n<td style=\"border:0;\">\n<div class='dropshadowboxes-container ' style='width:200px;'>\r\n                            <div class='dropshadowboxes-drop-shadow dropshadowboxes-rounded-corners dropshadowboxes-inside-and-outside-shadow dropshadowboxes-lifted-bottom-left dropshadowboxes-effect-default' style=' border: 1px solid #dddddd; height:180px; background-color:#ffffff;    '>\r\n                            <center><a href=\"http:\/\/www.teczamora.mx\/sgi\/documentos\/sgi\/academico\/gestion_curso\/Lib de Actividades Julio.2017.doc\"><img decoding=\"async\" src=\"http:\/\/www.teczamora.mx\/sgi\/wp-content\/uploads\/2016\/08\/doc.png\"><br \/>\nFormato para Constancia de Liberaci\u00f3n de Actividades Docentes<\/a><\/center>\r\n                            <\/div>\r\n                        <\/div><\/td>\n<\/tr>\n<\/tbody>\n<\/table>\n","protected":false},"excerpt":{"rendered":"","protected":false},"author":1,"featured_media":0,"parent":0,"menu_order":0,"comment_status":"closed","ping_status":"closed","template":"","meta":{"footnotes":""},"class_list":["post-120","page","type-page","status-publish","hentry"],"_links":{"self":[{"href":"https:\/\/www.teczamora.mx\/sgi\/wp-json\/wp\/v2\/pages\/120","targetHints":{"allow":["GET"]}}],"collection":[{"href":"https:\/\/www.teczamora.mx\/sgi\/wp-json\/wp\/v2\/pages"}],"about":[{"href":"https:\/\/www.teczamora.mx\/sgi\/wp-json\/wp\/v2\/types\/page"}],"author":[{"embeddable":true,"href":"https:\/\/www.teczamora.mx\/sgi\/wp-json\/wp\/v2\/users\/1"}],"replies":[{"embeddable":true,"href":"https:\/\/www.teczamora.mx\/sgi\/wp-json\/wp\/v2\/comments?post=120"}],"version-history":[{"count":10,"href":"https:\/\/www.teczamora.mx\/sgi\/wp-json\/wp\/v2\/pages\/120\/revisions"}],"predecessor-version":[{"id":693,"href":"https:\/\/www.teczamora.mx\/sgi\/wp-json\/wp\/v2\/pages\/120\/revisions\/693"}],"wp:attachment":[{"href":"https:\/\/www.teczamora.mx\/sgi\/wp-json\/wp\/v2\/media?parent=120"}],"curies":[{"name":"wp","href":"https:\/\/api.w.org\/{rel}","templated":true}]}}